{"id":3319,"date":"2019-02-25T12:37:44","date_gmt":"2019-02-25T11:37:44","guid":{"rendered":"https:\/\/www.therealcbd.com\/es\/?post_type=product&#038;p=3319"},"modified":"2026-04-04T08:46:51","modified_gmt":"2026-04-04T06:46:51","slug":"60-pasta-de-cbd-cbda","status":"publish","type":"product","link":"https:\/\/www.therealcbd.com\/es\/product\/60-pasta-de-cbd-cbda\/","title":{"rendered":"60% pasta de CBD\/CBDa"},"content":{"rendered":"<h1 dir=\"ltr\" data-placeholder=\"Translation\"><span lang=\"es\" tabindex=\"0\">60% pasta de CBD\/CBDa<\/span><\/h1>\n<p>Presentamos nuestro pasta de <a href=\"https:\/\/www.therealcbd.com\/es\/aceite-de-cbd\/\">CBD<\/a> Org\u00e1nico espectro Completo al 60% CBD\/CBDa, \u00a1una fuente de energ\u00eda natural para tu bienestar! Elaborado por expertos a partir de c\u00e1\u00f1amo europeo de primera calidad, este lujoso aceite ofrece un sinf\u00edn de beneficios para la salud que te har\u00e1n sentir rejuvenecido y revitalizado.<\/p>\n<p>Nuestro pasta de <a href=\"https:\/\/www.therealcbd.com\/es\/el-aceite-de-cbd-de-espectro-completo\/\">CBD de Espectro Completo<\/a> no s\u00f3lo contiene CBD, sino tambi\u00e9n una variedad de <a href=\"https:\/\/www.therealcbd.com\/es\/cannabinoides\/\">cannabinoides<\/a> y <a href=\"https:\/\/www.therealcbd.com\/es\/terpenos\/\">terpenos<\/a> esenciales. Esta combinaci\u00f3n \u00fanica act\u00faa de forma sin\u00e9rgica para proporcionarte una experiencia m\u00e1s potente y efectiva. Conocido como el <a href=\"https:\/\/www.therealcbd.com\/es\/que-es-el-efecto-entourage\/\">\u00abefecto s\u00e9quito\u00bb,<\/a> esta poderosa uni\u00f3n va m\u00e1s all\u00e1 para apoyar el equilibrio natural de tu cuerpo.<\/p>\n<p>Una de las ventajas m\u00e1s significativas de nuestro 60% CBD\/CBDa pasta es su capacidad para aliviar el estr\u00e9s y la ansiedad. Al interactuar con el sistema <a href=\"https:\/\/www.therealcbd.com\/es\/cbd-sistema-endocannabinoide\/\">endocannabinoide<\/a> de tu cuerpo, promueve una sensaci\u00f3n de calma y relajaci\u00f3n. Desp\u00eddete de esas noches inquietas y da la bienvenida a un estado mental m\u00e1s sereno.<\/p>\n<p>\u00bfSufres de <a href=\"https:\/\/www.therealcbd.com\/es\/comprar-cbd-para-dolor\/\">dolor cr\u00f3nico o inflamaci\u00f3n<\/a>? Nuestro Aceite de <a href=\"https:\/\/www.therealcbd.com\/es\/el-aceite-de-cbd-de-espectro-completo\/\">CBD de Espectro Completo<\/a> ofrece un alivio natural sin los efectos secundarios com\u00fanmente asociados a los medicamentos tradicionales. Con un uso regular, experimentar\u00e1 una mejora de la movilidad, lo que le permitir\u00e1 disfrutar de sus actividades diarias sin molestias.<\/p>\n<h3>La calidad es nuestra m\u00e1xima prioridad para nuestro pasta 60% CBD\/CBDa<\/h3>\n<p>Por eso nuestro pasta de CBD 60% CBD\/CBDa se elabora a partir de c\u00e1\u00f1amo europeo de cultivo ecol\u00f3gico, meticulosamente procesado para preservar su potencia y pureza. Nos comprometemos a ofrecerte un producto seguro, eficaz y de confianza.<\/p>\n<p>Para experimentar los incre\u00edbles <a href=\"https:\/\/www.therealcbd.com\/es\/beneficios-del-cbd\/\">beneficios de nuestro Aceite de CBD<\/a> Org\u00e1nico de Espectro Completo al 60% CBD\/CBDa, simplemente coloca unas gotas bajo tu lengua o m\u00e9zclalo con tu bebida favorita. Pronto descubrir\u00e1 por qu\u00e9 tanta gente ha hecho de este extraordinario aceite una parte esencial de su rutina diaria.<\/p>\n<p>\u00a1No esperes m\u00e1s para liberar todo el potencial de tu cuerpo! Pide hoy mismo tu pasta 60% CBD\/CBDa y experimenta la diferencia que los mejores ingredientes de la naturaleza pueden marcar en tu vida.<\/p>\n<h3>Cultivo de CBD:<\/h3>\n<p>Todo el proceso de cultivo y producci\u00f3n, desde la obtenci\u00f3n de las semillas y la siembra del c\u00e1\u00f1amo hasta el llenado de los frascos, se somete a estrictos controles de calidad para satisfacer las altas exigencias de un producto de espectro completo. Adem\u00e1s de estos estrictos controles, los productos se someten a pruebas de todos los elementos mediante exhaustivos an\u00e1lisis y pruebas de laboratorio.<\/p>\n<p>La pasta de CBD derivada se a\u00f1ade despu\u00e9s a un buen aceite de c\u00e1\u00f1amo org\u00e1nico para obtener el <a href=\"https:\/\/www.therealcbd.com\/es\/product-category\/aceite-de-cbd\/\">aceite de CBD<\/a> puro de espectro completo.<\/p>\n<h3>Instrucciones de uso:<\/h3>\n<ul>\n<li>Guardar en un lugar fresco y oscuro.<\/li>\n<li>Se conserva hasta 6 meses despu\u00e9s de abierto.<\/li>\n<li>Coloque la cantidad necesaria de gotas debajo de la lengua (utilice un espejo) y mant\u00e9ngalo en la boca durante min. 30 seg.<\/li>\n<li>Se puede mezclar con una peque\u00f1a cantidad de aceite de coco si el sabor es demasiado fuerte.<\/li>\n<\/ul>\n<h3>C\u00f3mo tomar aceite de CBD \u2013 VIDEO<\/h3>\n<p>&nbsp;<\/p>\n<div class='avia-iframe-wrap'><iframe loading=\"lazy\" title=\"How to take CBD Oil? - The Real CBD\" width=\"1500\" height=\"844\" src=\"https:\/\/www.youtube.com\/embed\/2hC9z55wXX8?feature=oembed\" frameborder=\"0\" allow=\"accelerometer; autoplay; clipboard-write; encrypted-media; gyroscope; picture-in-picture; web-share\" referrerpolicy=\"strict-origin-when-cross-origin\" allowfullscreen><\/iframe><\/div>\n<h3>M\u00e1s informaci\u00f3n sobre el pasta 60% CBD\/CBDa<\/h3>\n<p>Para m\u00e1s informaci\u00f3n sobre la dosificaci\u00f3n del pasta de CBD de 60% CBD\/CBDa, consulte nuestra p\u00e1gina de <a href=\"https:\/\/www.therealcbd.com\/es\/dosificacion-cbd\/\">dosificaci\u00f3n<\/a><\/p>\n<p>Para recomendaciones sobre qu\u00e9 aceite elegir, consulte nuestro blog: <a href=\"https:\/\/www.therealcbd.com\/es\/guia-definitiva-productos-cbd\/\">The Real CBD gu\u00eda de productos de CBD<\/a><\/p>\n<h3>Beneficios del pasta de CBD de 60% CBD\/CBDa<\/h3>\n<p>Existe una amplia gama de beneficios potenciales para la salud si consumes CBD. \u00c9stos son algunos de los usos m\u00e1s comunes del aceite de CBD:<\/p>\n<ul>\n<li><strong>Alivio del dolor:<\/strong> El aceite de <a href=\"https:\/\/www.therealcbd.com\/es\/comprar-cbd-para-dolor\/\">CBD puede ayudar a aliviar el dolor<\/a> al reducir la inflamaci\u00f3n e interactuar con los neurotransmisores del cuerpo.<\/li>\n<li><strong>Ansiedad y depresi\u00f3n:<\/strong> El aceite de CBD puede tener un efecto calmante en el cuerpo, lo que puede ayudar a reducir los s\u00edntomas de <a href=\"https:\/\/www.therealcbd.com\/es\/comprar-cbd-ansiedad-depresion-2\/\">ansiedad y depresi\u00f3n<\/a>.<\/li>\n<li><strong>Acn\u00e9:<\/strong> El CBD puede ayudar a reducir la producci\u00f3n de sebo, lo que puede ayudar a reducir el acn\u00e9.<\/li>\n<li><strong>Propiedades neuroprotectoras:<\/strong> El aceite de CBD puede tener propiedades neuroprotectoras, lo que significa que puede ayudar a proteger el cerebro de da\u00f1os y reducir el riesgo de ciertos trastornos neurol\u00f3gicos.<\/li>\n<li><strong>Sue\u00f1o:<\/strong> El aceite de CBD puede ayudar a <a href=\"https:\/\/www.therealcbd.com\/es\/product-category\/cbd-para-dormir\/\">mejorar la calidad del sue\u00f1o<\/a> y reducir el insomnio.<\/li>\n<li><strong>Salud del coraz\u00f3n:<\/strong> El aceite de CBD puede tener un efecto positivo en la salud del coraz\u00f3n al reducir la presi\u00f3n arterial y reducir el riesgo de ciertas afecciones card\u00edacas.<\/li>\n<li><strong>C\u00e1ncer:<\/strong> El CBD ha demostrado ser prometedor en la reducci\u00f3n de los s\u00edntomas asociados con el c\u00e1ncer y la <a href=\"https:\/\/www.therealcbd.com\/es\/puede-cbd-ayudar-pacientes-cancer\/\">reducci\u00f3n del crecimiento de las c\u00e9lulas cancerosas.<\/a><\/li>\n<\/ul>\n<p>En general, el <a href=\"https:\/\/www.therealcbd.com\/es\/beneficios-de-aceite-de-cbd\/\">aceite de CBD tiene una amplia gama de beneficios<\/a> potenciales para la salud y est\u00e1 siendo estudiado por sus posibles usos en el tratamiento de una variedad de condiciones de salud.<\/p>\n<p>Si est\u00e1 tomando <a href=\"https:\/\/www.therealcbd.com\/es\/aceite-de-cbd-y-medicamentos-anticoagulantes\/\">medicamentos anticoagulantes<\/a> como la heparina o la <a href=\"https:\/\/es.wikipedia.org\/wiki\/Warfarina\">warfarina<\/a> (tambi\u00e9n llamada Coumadin), consulte a su m\u00e9dico antes de <a href=\"https:\/\/www.therealcbd.com\/es\/como-tomo-el-aceite-de-cbd\/\">tomar aceite de CBD<\/a>. Para m\u00e1s informaci\u00f3n, <a href=\"https:\/\/www.therealcbd.com\/es\/aceite-de-cbd-y-medicamentos-anticoagulantes\/\">haga clic aqu\u00ed<\/a><\/p>\n<p><strong>Mas de Nuestra Blog:<\/strong><\/p>\n<ul>\n<li class=\"post-title entry-title \"><a title=\"\u00bfC\u00f3mo puede ayudar el CBD a los pacientes con c\u00e1ncer?\" href=\"https:\/\/www.therealcbd.com\/es\/puede-cbd-ayudar-pacientes-cancer\/\">\u00bfC\u00d3MO PUEDE AYUDAR EL CBD A LOS PACIENTES CON C\u00c1NCER?<\/a><\/li>\n<li class=\"post-title entry-title \"><a title=\"CBD para el c\u00e1ncer de mama \u2013 \u00a1Estos son los hechos!\" href=\"https:\/\/www.therealcbd.com\/es\/cbd-cancer-hechos\/\">CBD PARA EL C\u00c1NCER DE MAMA \u2013 \u00a1ESTOS SON LOS HECHOS!<\/a><\/li>\n<li class=\"post-title entry-title \"><a title=\"Aceite CBD y c\u00e1ncer\" href=\"https:\/\/www.therealcbd.com\/es\/aceite-de-cbd-y-cancer\/\">ACEITE CBD Y C\u00c1NCER<\/a><\/li>\n<\/ul>\n<h5>Descargo de responsabilidad:<\/h5>\n<p style=\"font-size: 10px;\"><em> El cannabidiol (CBD) es un componente natural del c\u00e1\u00f1amo y un suplemento diet\u00e9tico. Todos los productos de <a href=\"https:\/\/www.therealcbd.com\/es\/home-v2\/\">The Real CBD<\/a> no se venden como medicamentos. No somos m\u00e9dicos. Por lo tanto, aconsejamos a todos los clientes que investiguen sobre el CBD. Consulte siempre a sus asesores de salud y m\u00e9dicos antes de tomar cualquiera de estos productos. The Real CBD no fabrica, distribuye ni vende ning\u00fan producto que infrinja la Ley sobre el Uso Indebido de Drogas de 1971 del Reino Unido&#8217;. Es responsabilidad del cliente asegurarse de que cumple con la legislaci\u00f3n local. El contenido de este sitio web no ha sido evaluado por la FSA \/ MHRA. No pretende diagnosticar, tratar ni curar ninguna enfermedad.<\/em><\/p>\n","protected":false},"excerpt":{"rendered":"<h3 id=\"tw-target-text\" class=\"tw-data-text tw-ta tw-text-small\" dir=\"ltr\" data-placeholder=\"Translation\"><span lang=\"es\" tabindex=\"0\">60% pasta de CBD \/ CBDa <\/span><\/h3>\n<p class=\"tw-data-text tw-ta tw-text-small\" dir=\"ltr\" data-placeholder=\"Translation\"><span lang=\"es\" tabindex=\"0\">9000 mg de CBD en un frasco de cristal<\/span><\/p>\n<p class=\"tw-data-text tw-ta tw-text-small\" dir=\"ltr\" data-placeholder=\"Translation\"><span lang=\"es\" tabindex=\"0\">Contenido: 15ml. <\/span><\/p>\n<p class=\"tw-data-text tw-ta tw-text-small\" dir=\"ltr\" data-placeholder=\"Translation\"><span lang=\"es\" tabindex=\"0\">Contiene: \u2264 0.2% THC<\/span><\/p>\n<p dir=\"ltr\" data-placeholder=\"Translation\">Ingredientes: Extracto concentrado de CBD procedente del c\u00e1\u00f1amo<\/p>\n","protected":false},"featured_media":4222,"comment_status":"open","ping_status":"closed","template":"","meta":{"_eb_attr":""},"product_brand":[],"product_cat":[82,173],"product_tag":[2553],"class_list":{"0":"post-3319","1":"product","2":"type-product","3":"status-publish","4":"has-post-thumbnail","6":"product_cat-aceite-de-cbd","7":"product_cat-cbd-para-dolor","8":"product_tag-espectro-completo-de-cbd","10":"first","11":"instock","12":"purchasable","13":"product-type-simple"},"yoast_head":"<!-- This site is optimized with the Yoast SEO Premium plugin v27.2 (Yoast SEO v27.2) - https:\/\/yoast.com\/product\/yoast-seo-premium-wordpress\/ -->\n<title>The Real CBD - 60% pasta de CBD\/CBDa concentrado<\/title>\n<meta name=\"description\" content=\"Esta 60% pasta pasta CBD \/ CBDa disponible en una pr\u00e1ctica jeringa.Cuando busca el producto de CBD m\u00e1s concentrado, para dolor intensivo o cancer.\" \/>\n<meta name=\"robots\" content=\"index, follow, max-snippet:-1, max-image-preview:large, max-video-preview:-1\" \/>\n<link rel=\"canonical\" href=\"https:\/\/www.therealcbd.com\/es\/product\/60-pasta-de-cbd-cbda\/\" \/>\n<meta property=\"og:locale\" content=\"es_ES\" \/>\n<meta property=\"og:type\" content=\"article\" \/>\n<meta property=\"og:title\" content=\"60% pasta de CBD\/CBDa\" \/>\n<meta property=\"og:description\" content=\"60% pasta de CBD \/ CBDa  9000 mg de CBD en un frasco de cristal Contenido: 15ml.  Contiene: \u2264 0.2% THC Ingredientes: Extracto concentrado de CBD procedente del c\u00e1\u00f1amo\" \/>\n<meta property=\"og:url\" content=\"https:\/\/www.therealcbd.com\/es\/product\/60-pasta-de-cbd-cbda\/\" \/>\n<meta property=\"og:site_name\" content=\"The Real CBD\" \/>\n<meta property=\"article:publisher\" content=\"https:\/\/www.facebook.com\/profile.php?id=100063662066189\" \/>\n<meta property=\"article:modified_time\" content=\"2026-04-04T06:46:51+00:00\" \/>\n<meta property=\"og:image\" content=\"https:\/\/www.therealcbd.com\/es\/wp-content\/uploads\/2019\/11\/CBD-Pasta-The-Real-CBD-Espana.jpg\" \/>\n\t<meta property=\"og:image:width\" content=\"400\" \/>\n\t<meta property=\"og:image:height\" content=\"452\" \/>\n\t<meta property=\"og:image:type\" content=\"image\/jpeg\" \/>\n<meta name=\"twitter:card\" content=\"summary_large_image\" \/>\n<meta name=\"twitter:label1\" content=\"Tiempo de lectura\" \/>\n\t<meta name=\"twitter:data1\" content=\"5 minutos\" \/>\n<script type=\"application\/ld+json\" class=\"yoast-schema-graph\">{\"@context\":\"https:\/\/schema.org\",\"@graph\":[{\"@type\":\"WebPage\",\"@id\":\"https:\/\/www.therealcbd.com\/es\/product\/60-pasta-de-cbd-cbda\/\",\"url\":\"https:\/\/www.therealcbd.com\/es\/product\/60-pasta-de-cbd-cbda\/\",\"name\":\"The Real CBD - 60% pasta de CBD\/CBDa concentrado\",\"isPartOf\":{\"@id\":\"https:\/\/www.therealcbd.com\/es\/#website\"},\"primaryImageOfPage\":{\"@id\":\"https:\/\/www.therealcbd.com\/es\/product\/60-pasta-de-cbd-cbda\/#primaryimage\"},\"image\":{\"@id\":\"https:\/\/www.therealcbd.com\/es\/product\/60-pasta-de-cbd-cbda\/#primaryimage\"},\"thumbnailUrl\":\"https:\/\/www.therealcbd.com\/es\/wp-content\/uploads\/2019\/11\/CBD-Pasta-The-Real-CBD-Espana.jpg\",\"datePublished\":\"2019-02-25T11:37:44+00:00\",\"dateModified\":\"2026-04-04T06:46:51+00:00\",\"description\":\"Esta 60% pasta pasta CBD \/ CBDa disponible en una pr\u00e1ctica jeringa.Cuando busca el producto de CBD m\u00e1s concentrado, para dolor intensivo o cancer.\",\"breadcrumb\":{\"@id\":\"https:\/\/www.therealcbd.com\/es\/product\/60-pasta-de-cbd-cbda\/#breadcrumb\"},\"inLanguage\":\"es\",\"potentialAction\":[{\"@type\":\"ReadAction\",\"target\":[\"https:\/\/www.therealcbd.com\/es\/product\/60-pasta-de-cbd-cbda\/\"]}]},{\"@type\":\"ImageObject\",\"inLanguage\":\"es\",\"@id\":\"https:\/\/www.therealcbd.com\/es\/product\/60-pasta-de-cbd-cbda\/#primaryimage\",\"url\":\"https:\/\/www.therealcbd.com\/es\/wp-content\/uploads\/2019\/11\/CBD-Pasta-The-Real-CBD-Espana.jpg\",\"contentUrl\":\"https:\/\/www.therealcbd.com\/es\/wp-content\/uploads\/2019\/11\/CBD-Pasta-The-Real-CBD-Espana.jpg\",\"width\":400,\"height\":452,\"caption\":\"60% pasta de cbd cbda - The Real CBD marca\"},{\"@type\":\"BreadcrumbList\",\"@id\":\"https:\/\/www.therealcbd.com\/es\/product\/60-pasta-de-cbd-cbda\/#breadcrumb\",\"itemListElement\":[{\"@type\":\"ListItem\",\"position\":1,\"name\":\"Home\",\"item\":\"https:\/\/www.therealcbd.com\/es\/inicio-de-the-real-cbd-2\/\"},{\"@type\":\"ListItem\",\"position\":2,\"name\":\"Tienda\",\"item\":\"https:\/\/www.therealcbd.com\/es\/tienda\/\"},{\"@type\":\"ListItem\",\"position\":3,\"name\":\"60% pasta de CBD\/CBDa\"}]},{\"@type\":\"WebSite\",\"@id\":\"https:\/\/www.therealcbd.com\/es\/#website\",\"url\":\"https:\/\/www.therealcbd.com\/es\/\",\"name\":\"The Real CBD\",\"description\":\"CBD products for everyone\",\"publisher\":{\"@id\":\"https:\/\/www.therealcbd.com\/es\/#organization\"},\"potentialAction\":[{\"@type\":\"SearchAction\",\"target\":{\"@type\":\"EntryPoint\",\"urlTemplate\":\"https:\/\/www.therealcbd.com\/es\/?s={search_term_string}\"},\"query-input\":{\"@type\":\"PropertyValueSpecification\",\"valueRequired\":true,\"valueName\":\"search_term_string\"}}],\"inLanguage\":\"es\"},{\"@type\":\"Organization\",\"@id\":\"https:\/\/www.therealcbd.com\/es\/#organization\",\"name\":\"The Real CBD\",\"url\":\"https:\/\/www.therealcbd.com\/es\/\",\"logo\":{\"@type\":\"ImageObject\",\"inLanguage\":\"es\",\"@id\":\"https:\/\/www.therealcbd.com\/es\/#\/schema\/logo\/image\/\",\"url\":\"https:\/\/www.therealcbd.com\/es\/wp-content\/uploads\/2017\/11\/Logo-png-e1510846579208.png\",\"contentUrl\":\"https:\/\/www.therealcbd.com\/es\/wp-content\/uploads\/2017\/11\/Logo-png-e1510846579208.png\",\"width\":245,\"height\":165,\"caption\":\"The Real CBD\"},\"image\":{\"@id\":\"https:\/\/www.therealcbd.com\/es\/#\/schema\/logo\/image\/\"},\"sameAs\":[\"https:\/\/www.facebook.com\/profile.php?id=100063662066189\"]}]}<\/script>\n<!-- \/ Yoast SEO Premium plugin. -->","yoast_head_json":{"title":"The Real CBD - 60% pasta de CBD\/CBDa concentrado","description":"Esta 60% pasta pasta CBD \/ CBDa disponible en una pr\u00e1ctica jeringa.Cuando busca el producto de CBD m\u00e1s concentrado, para dolor intensivo o cancer.","robots":{"index":"index","follow":"follow","max-snippet":"max-snippet:-1","max-image-preview":"max-image-preview:large","max-video-preview":"max-video-preview:-1"},"canonical":"https:\/\/www.therealcbd.com\/es\/product\/60-pasta-de-cbd-cbda\/","og_locale":"es_ES","og_type":"article","og_title":"60% pasta de CBD\/CBDa","og_description":"60% pasta de CBD \/ CBDa  9000 mg de CBD en un frasco de cristal Contenido: 15ml.  Contiene: \u2264 0.2% THC Ingredientes: Extracto concentrado de CBD procedente del c\u00e1\u00f1amo","og_url":"https:\/\/www.therealcbd.com\/es\/product\/60-pasta-de-cbd-cbda\/","og_site_name":"The Real CBD","article_publisher":"https:\/\/www.facebook.com\/profile.php?id=100063662066189","article_modified_time":"2026-04-04T06:46:51+00:00","og_image":[{"width":400,"height":452,"url":"https:\/\/www.therealcbd.com\/es\/wp-content\/uploads\/2019\/11\/CBD-Pasta-The-Real-CBD-Espana.jpg","type":"image\/jpeg"}],"twitter_card":"summary_large_image","twitter_misc":{"Tiempo de lectura":"5 minutos"},"schema":{"@context":"https:\/\/schema.org","@graph":[{"@type":"WebPage","@id":"https:\/\/www.therealcbd.com\/es\/product\/60-pasta-de-cbd-cbda\/","url":"https:\/\/www.therealcbd.com\/es\/product\/60-pasta-de-cbd-cbda\/","name":"The Real CBD - 60% pasta de CBD\/CBDa concentrado","isPartOf":{"@id":"https:\/\/www.therealcbd.com\/es\/#website"},"primaryImageOfPage":{"@id":"https:\/\/www.therealcbd.com\/es\/product\/60-pasta-de-cbd-cbda\/#primaryimage"},"image":{"@id":"https:\/\/www.therealcbd.com\/es\/product\/60-pasta-de-cbd-cbda\/#primaryimage"},"thumbnailUrl":"https:\/\/www.therealcbd.com\/es\/wp-content\/uploads\/2019\/11\/CBD-Pasta-The-Real-CBD-Espana.jpg","datePublished":"2019-02-25T11:37:44+00:00","dateModified":"2026-04-04T06:46:51+00:00","description":"Esta 60% pasta pasta CBD \/ CBDa disponible en una pr\u00e1ctica jeringa.Cuando busca el producto de CBD m\u00e1s concentrado, para dolor intensivo o cancer.","breadcrumb":{"@id":"https:\/\/www.therealcbd.com\/es\/product\/60-pasta-de-cbd-cbda\/#breadcrumb"},"inLanguage":"es","potentialAction":[{"@type":"ReadAction","target":["https:\/\/www.therealcbd.com\/es\/product\/60-pasta-de-cbd-cbda\/"]}]},{"@type":"ImageObject","inLanguage":"es","@id":"https:\/\/www.therealcbd.com\/es\/product\/60-pasta-de-cbd-cbda\/#primaryimage","url":"https:\/\/www.therealcbd.com\/es\/wp-content\/uploads\/2019\/11\/CBD-Pasta-The-Real-CBD-Espana.jpg","contentUrl":"https:\/\/www.therealcbd.com\/es\/wp-content\/uploads\/2019\/11\/CBD-Pasta-The-Real-CBD-Espana.jpg","width":400,"height":452,"caption":"60% pasta de cbd cbda - The Real CBD marca"},{"@type":"BreadcrumbList","@id":"https:\/\/www.therealcbd.com\/es\/product\/60-pasta-de-cbd-cbda\/#breadcrumb","itemListElement":[{"@type":"ListItem","position":1,"name":"Home","item":"https:\/\/www.therealcbd.com\/es\/inicio-de-the-real-cbd-2\/"},{"@type":"ListItem","position":2,"name":"Tienda","item":"https:\/\/www.therealcbd.com\/es\/tienda\/"},{"@type":"ListItem","position":3,"name":"60% pasta de CBD\/CBDa"}]},{"@type":"WebSite","@id":"https:\/\/www.therealcbd.com\/es\/#website","url":"https:\/\/www.therealcbd.com\/es\/","name":"The Real CBD","description":"CBD products for everyone","publisher":{"@id":"https:\/\/www.therealcbd.com\/es\/#organization"},"potentialAction":[{"@type":"SearchAction","target":{"@type":"EntryPoint","urlTemplate":"https:\/\/www.therealcbd.com\/es\/?s={search_term_string}"},"query-input":{"@type":"PropertyValueSpecification","valueRequired":true,"valueName":"search_term_string"}}],"inLanguage":"es"},{"@type":"Organization","@id":"https:\/\/www.therealcbd.com\/es\/#organization","name":"The Real CBD","url":"https:\/\/www.therealcbd.com\/es\/","logo":{"@type":"ImageObject","inLanguage":"es","@id":"https:\/\/www.therealcbd.com\/es\/#\/schema\/logo\/image\/","url":"https:\/\/www.therealcbd.com\/es\/wp-content\/uploads\/2017\/11\/Logo-png-e1510846579208.png","contentUrl":"https:\/\/www.therealcbd.com\/es\/wp-content\/uploads\/2017\/11\/Logo-png-e1510846579208.png","width":245,"height":165,"caption":"The Real CBD"},"image":{"@id":"https:\/\/www.therealcbd.com\/es\/#\/schema\/logo\/image\/"},"sameAs":["https:\/\/www.facebook.com\/profile.php?id=100063662066189"]}]}},"_links":{"self":[{"href":"https:\/\/www.therealcbd.com\/es\/wp-json\/wp\/v2\/product\/3319","targetHints":{"allow":["GET"]}}],"collection":[{"href":"https:\/\/www.therealcbd.com\/es\/wp-json\/wp\/v2\/product"}],"about":[{"href":"https:\/\/www.therealcbd.com\/es\/wp-json\/wp\/v2\/types\/product"}],"replies":[{"embeddable":true,"href":"https:\/\/www.therealcbd.com\/es\/wp-json\/wp\/v2\/comments?post=3319"}],"wp:featuredmedia":[{"embeddable":true,"href":"https:\/\/www.therealcbd.com\/es\/wp-json\/wp\/v2\/media\/4222"}],"wp:attachment":[{"href":"https:\/\/www.therealcbd.com\/es\/wp-json\/wp\/v2\/media?parent=3319"}],"wp:term":[{"taxonomy":"product_brand","embeddable":true,"href":"https:\/\/www.therealcbd.com\/es\/wp-json\/wp\/v2\/product_brand?post=3319"},{"taxonomy":"product_cat","embeddable":true,"href":"https:\/\/www.therealcbd.com\/es\/wp-json\/wp\/v2\/product_cat?post=3319"},{"taxonomy":"product_tag","embeddable":true,"href":"https:\/\/www.therealcbd.com\/es\/wp-json\/wp\/v2\/product_tag?post=3319"}],"curies":[{"name":"wp","href":"https:\/\/api.w.org\/{rel}","templated":true}]}}