{"id":1541,"date":"2017-12-23T16:34:37","date_gmt":"2017-12-23T15:34:37","guid":{"rendered":"https:\/\/www.therealcbd.com\/en\/?page_id=1541"},"modified":"2024-11-19T13:47:11","modified_gmt":"2024-11-19T12:47:11","slug":"blog","status":"publish","type":"page","link":"https:\/\/www.therealcbd.com\/es\/blog\/","title":{"rendered":"Blog"},"content":{"rendered":"\n<h1 class=\"wp-block-heading\" id=\"h-blog-the-real-cbd-espana\">Blog &#8211; The Real CBD Espa\u00f1a<\/h1>\n\n\n\n<p>Bienvenido a la p\u00e1gina del blog de Real <a href=\"https:\/\/www.therealcbd.com\/es\/aceite-de-cbd\/\">CBD<\/a>. En esta p\u00e1gina, te ofrecemos las \u00faltimas noticias sobre el CBD. Adem\u00e1s, intentamos dar respuesta a todas tus preguntas relacionadas con el CBD. Despl\u00e1zate hacia abajo en la p\u00e1gina para encontrar soluciones a quejas espec\u00edficas. A continuaci\u00f3n encontrar\u00e1 nuestros \u00faltimos blogs. En el control deslizante, encontrar\u00e1 nuestras entradas anteriores.<\/p>\n\n\n\n<p>Si hay un tema espec\u00edfico que busca en relaci\u00f3n con el CBD, ponga su \u00abpalabra de b\u00fasqueda\u00bb en la barra de b\u00fasqueda, y aparecer\u00e1 una lista completa de blogs y art\u00edculos debajo.<\/p>\n\n\n\n<div style=\"height:74px\" aria-hidden=\"true\" class=\"wp-block-spacer\"><\/div>\n\n\n<form role=\"search\" method=\"get\" action=\"https:\/\/www.therealcbd.com\/es\/\" class=\"wp-block-search__button-outside wp-block-search__text-button wp-block-search\"    ><label class=\"wp-block-search__label has-medium-font-size\" for=\"wp-block-search__input-1\" ><strong>Busca en nuestro secci\u00f3n de art\u00edculos.<\/strong><\/label><div class=\"wp-block-search__inside-wrapper\"  style=\"width: 800px\"><input class=\"wp-block-search__input has-medium-font-size\" id=\"wp-block-search__input-1\" placeholder=\"\" value=\"\" type=\"search\" name=\"s\" required \/><button aria-label=\"Buscar\" class=\"wp-block-search__button has-text-color has-white-color has-background has-old-lavender-background-color has-medium-font-size wp-element-button\" type=\"submit\" >Buscar<\/button><\/div><\/form>\n\n\n<div style=\"height:77px\" aria-hidden=\"true\" class=\"wp-block-spacer\"><\/div>\n\n\n\n<h2 class=\"wp-block-heading\" id=\"h-nuestros-ultimos-blogs\">Nuestros \u00faltimos blogs<\/h2>\n\n\n\n<div style=\"height:40px\" aria-hidden=\"true\" class=\"wp-block-spacer\"><\/div>\n\n\n<div  class=\"ultp-post-grid-block wp-block-ultimate-post-post-grid-1 ultp-block-9ab6dc\"><div class=\"ultp-block-wrapper\"><div class=\"ultp-loading\"><div class=\"ultp-loading-blocks\" style=\"width:100%;height:100%;\"><div style=\"left: 0;top: 0;animation-delay:0s;\"><\/div><div style=\"left: 21px;top: 0;animation-delay:0.125s;\"><\/div><div style=\"left: 42px;top: 0;animation-delay:0.25s;\"><\/div><div style=\"left: 0;top: 21px;animation-delay:0.875s;\"><\/div><div style=\"left: 42px;top: 21px;animation-delay:0.375s;\"><\/div><div style=\"left: 0;top: 42px;animation-delay:0.75s;\"><\/div><div style=\"left: 42px;top: 42px;animation-delay:0.625s;\"><\/div><div style=\"left: 21px;top: 42px;animation-delay:0.5s;\"><\/div><\/div><\/div><div class=\"ultp-block-items-wrap ultp-block-row ultp-pg1a-style1 ultp-grid1-responsive ultp-block-column-3 ultp-sm-column-2 ultp-xs-column-1 ultp-layout1\"><div class=\"ultp-block-item post-id-24592\"><div class=\"ultp-block-content-wrap\"><div class=\"ultp-block-image ultp-block-image-opacity\"><a href=\"https:\/\/www.therealcbd.com\/es\/cbd-para-aliviar-las-molestias-tras-intervenciones-menores\/\" ><img decoding=\"async\"  class=\"ultp-block-image-content\"  alt=\"M\u00e9dico realizando una peque\u00f1a intervenci\u00f3n a una mujer en su consulta.\"  src=\"https:\/\/www.therealcbd.com\/es\/wp-content\/uploads\/2026\/02\/the-real-cbd-blog-CBD-til-lindring-af-ubehag-efter-mindre-indgreb-870x570.webp\" \/><\/a><\/div><div class=\"ultp-block-content\"><h3 class=\"ultp-block-title \"><a href=\"https:\/\/www.therealcbd.com\/es\/cbd-para-aliviar-las-molestias-tras-intervenciones-menores\/\" >CBD para aliviar las molestias tras intervenciones menores<\/a><\/h3><\/div><\/div><\/div><div class=\"ultp-block-item post-id-21853\"><div class=\"ultp-block-content-wrap\"><div class=\"ultp-block-image ultp-block-image-opacity\"><a href=\"https:\/\/www.therealcbd.com\/es\/cbd-para-la-artrosis\/\" ><img decoding=\"async\"  class=\"ultp-block-image-content\"  alt=\"Mujer sentada en el c\u00e9sped escribiendo\"  src=\"https:\/\/www.therealcbd.com\/es\/wp-content\/uploads\/2025\/03\/The-Real-CBD-Blog-CBD-experiencias-CBD-para-atrosis-870x570.jpg\" \/><\/a><\/div><div class=\"ultp-block-content\"><h3 class=\"ultp-block-title \"><a href=\"https:\/\/www.therealcbd.com\/es\/cbd-para-la-artrosis\/\" >CBD para la artrosis<\/a><\/h3><\/div><\/div><\/div><div class=\"ultp-block-item post-id-21684\"><div class=\"ultp-block-content-wrap\"><div class=\"ultp-block-image ultp-block-image-opacity\"><a href=\"https:\/\/www.therealcbd.com\/es\/cbd-para-quemaduras-solares-insolaciones\/\" ><img decoding=\"async\"  class=\"ultp-block-image-content\"  alt=\"Hombre con quemaduras de sol en la playa\"  src=\"https:\/\/www.therealcbd.com\/es\/wp-content\/uploads\/2025\/02\/The-Real-CBD-Blog-CBD-mod-solskoldning-og-hedeslag-870x488.webp\" \/><\/a><\/div><div class=\"ultp-block-content\"><h3 class=\"ultp-block-title \"><a href=\"https:\/\/www.therealcbd.com\/es\/cbd-para-quemaduras-solares-insolaciones\/\" >CBD para quemaduras solares e insolaciones<\/a><\/h3><\/div><\/div><\/div><div class=\"ultp-block-item post-id-21626\"><div class=\"ultp-block-content-wrap\"><div class=\"ultp-block-image ultp-block-image-opacity\"><a href=\"https:\/\/www.therealcbd.com\/es\/cbd-para-la-vasculitis\/\" ><img decoding=\"async\"  class=\"ultp-block-image-content\"  alt=\"Un m\u00e9dico con un lazo rojo\"  src=\"https:\/\/www.therealcbd.com\/es\/wp-content\/uploads\/2025\/02\/The-Real-CBD-Blog-CBD-para-la-vasculitis-870x570.jpg\" \/><\/a><\/div><div class=\"ultp-block-content\"><h3 class=\"ultp-block-title \"><a href=\"https:\/\/www.therealcbd.com\/es\/cbd-para-la-vasculitis\/\" >CBD para la vasculitis<\/a><\/h3><\/div><\/div><\/div><div class=\"ultp-block-item post-id-14047\"><div class=\"ultp-block-content-wrap\"><div class=\"ultp-block-image ultp-block-image-opacity\"><a href=\"https:\/\/www.therealcbd.com\/es\/cbd-para-ninos-con-ansiedad\/\" ><img decoding=\"async\"  class=\"ultp-block-image-content\"  alt=\"Ni\u00f1o sentado en un t\u00fanel con la cabeza apoyada en las rodillas\"  src=\"https:\/\/www.therealcbd.com\/es\/wp-content\/uploads\/2023\/12\/The-Real-CBD-Blog-CBD-para-ninos-con-ansiedad-870x570.jpg\" \/><\/a><\/div><div class=\"ultp-block-content\"><h3 class=\"ultp-block-title \"><a href=\"https:\/\/www.therealcbd.com\/es\/cbd-para-ninos-con-ansiedad\/\" >CBD para ni\u00f1os con ansiedad<\/a><\/h3><\/div><\/div><\/div><div class=\"ultp-block-item post-id-14032\"><div class=\"ultp-block-content-wrap\"><div class=\"ultp-block-image ultp-block-image-opacity\"><a href=\"https:\/\/www.therealcbd.com\/es\/aceite-de-cbd-aromatizado\/\" ><img decoding=\"async\"  class=\"ultp-block-image-content\"  alt=\"L\u00edquido coloreado en botellas\"  src=\"https:\/\/www.therealcbd.com\/es\/wp-content\/uploads\/2023\/12\/The-Real-CBD-Blog-CBD-aromatizado-870x570.jpg\" \/><\/a><\/div><div class=\"ultp-block-content\"><h3 class=\"ultp-block-title \"><a href=\"https:\/\/www.therealcbd.com\/es\/aceite-de-cbd-aromatizado\/\" >\u00a1Cuidado con el aceite de CBD aromatizado!<\/a><\/h3><\/div><\/div><\/div><\/div><\/div><div class=\"pagination-block-html\" aria-hidden=\"true\" style=\"display: none;\"><\/div><\/div>\n\n\n<div style=\"height:36px\" aria-hidden=\"true\" class=\"wp-block-spacer\"><\/div>\n\n\n\n<h2 class=\"wp-block-heading\" id=\"h-pagina-del-blog-de-the-real-cbd\"><strong>P\u00e1gina del blog de The Real CBD<\/strong><\/h2>\n\n\n\n<p>En <a href=\"https:\/\/www.therealcbd.com\/es\/home-v2\/\">The Real CBD<\/a>, comprendemos la dificultad de encontrar blogs fiables e informativos <a href=\"https:\/\/es.wikipedia.org\/wiki\/Cannabidiol\">sobre el CBD<\/a>. Por eso hemos ido m\u00e1s all\u00e1 para crear una amplia gama de blogs que cubren todos los aspectos del CBD y sus beneficios. Nuestro objetivo es proporcionarte una gu\u00eda completa que te ayude a tomar decisiones informadas cuando utilices este incre\u00edble compuesto natural.<\/p>\n\n\n\n<p>Nuestros blogs est\u00e1n escritos por expertos del sector y lo cubren todo, desde las distintas formas de CBD, como aceites, c\u00e1psulas y cremas, hasta c\u00f3mo encontrar la dosis adecuada para ti y los posibles <a href=\"https:\/\/www.therealcbd.com\/es\/efectos-secundarios-comunes-cbd\/\">efectos secundarios del CBD<\/a>. Creemos que todo el mundo debe tener acceso a informaci\u00f3n precisa y fiable sobre el CBD, por lo que nuestro blog se actualiza con frecuencia con las \u00faltimas investigaciones e informaciones.<\/p>\n\n\n\n<h2 class=\"wp-block-heading\" id=\"h-nuestros-blogs\"><strong>Nuestros blogs<\/strong><\/h2>\n\n\n\n<p>Si no conoces el CBD, nuestro blog es un recurso excelente para empezar. Ofrecemos art\u00edculos que tratan sobre c\u00f3mo consumir CBD por primera vez, c\u00f3mo elegir el producto adecuado para tus necesidades y c\u00f3mo identificar marcas de CBD reputadas. Adem\u00e1s, proporcionamos informaci\u00f3n detallada sobre los distintos tipos de <a href=\"https:\/\/www.therealcbd.com\/es\/tienda\/\">productos de CBD disponibles<\/a>, incluidos los de <a href=\"https:\/\/www.therealcbd.com\/es\/el-aceite-de-cbd-de-espectro-completo\/\">espectro completo<\/a>, amplio y <a href=\"https:\/\/www.therealcbd.com\/es\/product-tag\/aislado-de-cbd\/\">aislado de CBD<\/a>.<\/p>\n\n\n\n<p>En The Real CBD, nos comprometemos a proporcionarte no s\u00f3lo informaci\u00f3n fiable, sino tambi\u00e9n <a href=\"https:\/\/www.therealcbd.com\/es\/tienda\/\">productos de CBD<\/a> de alta calidad. Todos nuestros productos se elaboran con c\u00e1\u00f1amo de primera calidad y se someten a pruebas de terceros para garantizar su pureza y potencia.<\/p>\n\n\n\n<h2 class=\"wp-block-heading\" id=\"h-concluyendo\"><strong>Concluyendo<\/strong><\/h2>\n\n\n\n<p>Si buscas informaci\u00f3n precisa y fiable sobre el CBD, el blog <a href=\"https:\/\/www.therealcbd.com\/es\/acerca-de\/\">The Real CBD<\/a> es el recurso perfecto para ti. Nos dedicamos a educar a nuestros lectores y clientes sobre los <a href=\"https:\/\/www.therealcbd.com\/es\/beneficios-del-cbd\/\">beneficios del CBD<\/a> y a proporcionarles los mejores productos de CBD disponibles. \u00a1Echa un vistazo a nuestro blog y a nuestra gama de productos hoy mismo para experimentar los beneficios del CBD por ti mismo!<\/p>\n\n\n\n<hr class=\"wp-block-separator has-alpha-channel-opacity\"\/>\n","protected":false},"excerpt":{"rendered":"<p>Blog &#8211; The Real CBD Espa\u00f1a Bienvenido a la p\u00e1gina del blog de Real CBD. En esta p\u00e1gina, te ofrecemos las \u00faltimas noticias sobre el CBD. Adem\u00e1s, intentamos dar respuesta a todas tus preguntas relacionadas con el CBD. Despl\u00e1zate hacia abajo en la p\u00e1gina para encontrar soluciones a quejas espec\u00edficas. A continuaci\u00f3n encontrar\u00e1 nuestros \u00faltimos [&hellip;]<\/p>\n","protected":false},"author":3,"featured_media":20189,"parent":0,"menu_order":0,"comment_status":"closed","ping_status":"closed","template":"","meta":{"_eb_attr":"","footnotes":""},"class_list":["post-1541","page","type-page","status-publish","has-post-thumbnail","hentry"],"yoast_head":"<!-- This site is optimized with the Yoast SEO Premium plugin v27.2 (Yoast SEO v27.2) - https:\/\/yoast.com\/product\/yoast-seo-premium-wordpress\/ -->\n<title>The Real CBD - Blog | Descubre el Mundo de CBD<\/title>\n<meta name=\"description\" content=\"Hechos y informac\u00edon sobre CBD encuentras aqu\u00ed en el blog de Real CBD Espa\u00f1a. Beneficios de salud que ofrece el CBD para usted y mascotes.\" \/>\n<meta name=\"robots\" content=\"index, follow, max-snippet:-1, max-image-preview:large, max-video-preview:-1\" \/>\n<link rel=\"canonical\" href=\"https:\/\/www.therealcbd.com\/es\/blog\/\" \/>\n<meta property=\"og:locale\" content=\"es_ES\" \/>\n<meta property=\"og:type\" content=\"article\" \/>\n<meta property=\"og:title\" content=\"Blog\" \/>\n<meta property=\"og:description\" content=\"Blog - The Real CBD Espa\u00f1a Bienvenido a la p\u00e1gina del blog de Real CBD. En esta p\u00e1gina, te ofrecemos las \u00faltimas noticias sobre el CBD. Adem\u00e1s, intentamos\" \/>\n<meta property=\"og:url\" content=\"https:\/\/www.therealcbd.com\/es\/blog\/\" \/>\n<meta property=\"og:site_name\" content=\"The Real CBD\" \/>\n<meta property=\"article:publisher\" content=\"https:\/\/www.facebook.com\/profile.php?id=100063662066189\" \/>\n<meta property=\"article:modified_time\" content=\"2024-11-19T12:47:11+00:00\" \/>\n<meta property=\"og:image\" content=\"https:\/\/www.therealcbd.com\/es\/wp-content\/uploads\/2024\/11\/The-Real-CBD-Blog-page.jpg\" \/>\n\t<meta property=\"og:image:width\" content=\"1920\" \/>\n\t<meta property=\"og:image:height\" content=\"780\" \/>\n\t<meta property=\"og:image:type\" content=\"image\/jpeg\" \/>\n<meta name=\"twitter:card\" content=\"summary_large_image\" \/>\n<meta name=\"twitter:label1\" content=\"Tiempo de lectura\" \/>\n\t<meta name=\"twitter:data1\" content=\"2 minutos\" \/>\n<script type=\"application\/ld+json\" class=\"yoast-schema-graph\">{\"@context\":\"https:\/\/schema.org\",\"@graph\":[{\"@type\":\"WebPage\",\"@id\":\"https:\/\/www.therealcbd.com\/es\/blog\/\",\"url\":\"https:\/\/www.therealcbd.com\/es\/blog\/\",\"name\":\"The Real CBD - Blog | Descubre el Mundo de CBD\",\"isPartOf\":{\"@id\":\"https:\/\/www.therealcbd.com\/es\/#website\"},\"primaryImageOfPage\":{\"@id\":\"https:\/\/www.therealcbd.com\/es\/blog\/#primaryimage\"},\"image\":{\"@id\":\"https:\/\/www.therealcbd.com\/es\/blog\/#primaryimage\"},\"thumbnailUrl\":\"https:\/\/www.therealcbd.com\/es\/wp-content\/uploads\/2024\/11\/The-Real-CBD-Blog-page.jpg\",\"datePublished\":\"2017-12-23T15:34:37+00:00\",\"dateModified\":\"2024-11-19T12:47:11+00:00\",\"description\":\"Hechos y informac\u00edon sobre CBD encuentras aqu\u00ed en el blog de Real CBD Espa\u00f1a. Beneficios de salud que ofrece el CBD para usted y mascotes.\",\"breadcrumb\":{\"@id\":\"https:\/\/www.therealcbd.com\/es\/blog\/#breadcrumb\"},\"inLanguage\":\"es\",\"potentialAction\":[{\"@type\":\"ReadAction\",\"target\":[\"https:\/\/www.therealcbd.com\/es\/blog\/\"]}]},{\"@type\":\"ImageObject\",\"inLanguage\":\"es\",\"@id\":\"https:\/\/www.therealcbd.com\/es\/blog\/#primaryimage\",\"url\":\"https:\/\/www.therealcbd.com\/es\/wp-content\/uploads\/2024\/11\/The-Real-CBD-Blog-page.jpg\",\"contentUrl\":\"https:\/\/www.therealcbd.com\/es\/wp-content\/uploads\/2024\/11\/The-Real-CBD-Blog-page.jpg\",\"width\":1920,\"height\":780,\"caption\":\"Blogs de plumas y escritores\"},{\"@type\":\"BreadcrumbList\",\"@id\":\"https:\/\/www.therealcbd.com\/es\/blog\/#breadcrumb\",\"itemListElement\":[{\"@type\":\"ListItem\",\"position\":1,\"name\":\"Home\",\"item\":\"https:\/\/www.therealcbd.com\/es\/inicio-de-the-real-cbd-2\/\"},{\"@type\":\"ListItem\",\"position\":2,\"name\":\"Blog\"}]},{\"@type\":\"WebSite\",\"@id\":\"https:\/\/www.therealcbd.com\/es\/#website\",\"url\":\"https:\/\/www.therealcbd.com\/es\/\",\"name\":\"The Real CBD\",\"description\":\"CBD products for everyone\",\"publisher\":{\"@id\":\"https:\/\/www.therealcbd.com\/es\/#organization\"},\"potentialAction\":[{\"@type\":\"SearchAction\",\"target\":{\"@type\":\"EntryPoint\",\"urlTemplate\":\"https:\/\/www.therealcbd.com\/es\/?s={search_term_string}\"},\"query-input\":{\"@type\":\"PropertyValueSpecification\",\"valueRequired\":true,\"valueName\":\"search_term_string\"}}],\"inLanguage\":\"es\"},{\"@type\":\"Organization\",\"@id\":\"https:\/\/www.therealcbd.com\/es\/#organization\",\"name\":\"The Real CBD\",\"url\":\"https:\/\/www.therealcbd.com\/es\/\",\"logo\":{\"@type\":\"ImageObject\",\"inLanguage\":\"es\",\"@id\":\"https:\/\/www.therealcbd.com\/es\/#\/schema\/logo\/image\/\",\"url\":\"https:\/\/www.therealcbd.com\/es\/wp-content\/uploads\/2017\/11\/Logo-png-e1510846579208.png\",\"contentUrl\":\"https:\/\/www.therealcbd.com\/es\/wp-content\/uploads\/2017\/11\/Logo-png-e1510846579208.png\",\"width\":245,\"height\":165,\"caption\":\"The Real CBD\"},\"image\":{\"@id\":\"https:\/\/www.therealcbd.com\/es\/#\/schema\/logo\/image\/\"},\"sameAs\":[\"https:\/\/www.facebook.com\/profile.php?id=100063662066189\"]}]}<\/script>\n<!-- \/ Yoast SEO Premium plugin. -->","yoast_head_json":{"title":"The Real CBD - Blog | Descubre el Mundo de CBD","description":"Hechos y informac\u00edon sobre CBD encuentras aqu\u00ed en el blog de Real CBD Espa\u00f1a. Beneficios de salud que ofrece el CBD para usted y mascotes.","robots":{"index":"index","follow":"follow","max-snippet":"max-snippet:-1","max-image-preview":"max-image-preview:large","max-video-preview":"max-video-preview:-1"},"canonical":"https:\/\/www.therealcbd.com\/es\/blog\/","og_locale":"es_ES","og_type":"article","og_title":"Blog","og_description":"Blog - The Real CBD Espa\u00f1a Bienvenido a la p\u00e1gina del blog de Real CBD. En esta p\u00e1gina, te ofrecemos las \u00faltimas noticias sobre el CBD. Adem\u00e1s, intentamos","og_url":"https:\/\/www.therealcbd.com\/es\/blog\/","og_site_name":"The Real CBD","article_publisher":"https:\/\/www.facebook.com\/profile.php?id=100063662066189","article_modified_time":"2024-11-19T12:47:11+00:00","og_image":[{"width":1920,"height":780,"url":"https:\/\/www.therealcbd.com\/es\/wp-content\/uploads\/2024\/11\/The-Real-CBD-Blog-page.jpg","type":"image\/jpeg"}],"twitter_card":"summary_large_image","twitter_misc":{"Tiempo de lectura":"2 minutos"},"schema":{"@context":"https:\/\/schema.org","@graph":[{"@type":"WebPage","@id":"https:\/\/www.therealcbd.com\/es\/blog\/","url":"https:\/\/www.therealcbd.com\/es\/blog\/","name":"The Real CBD - Blog | Descubre el Mundo de CBD","isPartOf":{"@id":"https:\/\/www.therealcbd.com\/es\/#website"},"primaryImageOfPage":{"@id":"https:\/\/www.therealcbd.com\/es\/blog\/#primaryimage"},"image":{"@id":"https:\/\/www.therealcbd.com\/es\/blog\/#primaryimage"},"thumbnailUrl":"https:\/\/www.therealcbd.com\/es\/wp-content\/uploads\/2024\/11\/The-Real-CBD-Blog-page.jpg","datePublished":"2017-12-23T15:34:37+00:00","dateModified":"2024-11-19T12:47:11+00:00","description":"Hechos y informac\u00edon sobre CBD encuentras aqu\u00ed en el blog de Real CBD Espa\u00f1a. Beneficios de salud que ofrece el CBD para usted y mascotes.","breadcrumb":{"@id":"https:\/\/www.therealcbd.com\/es\/blog\/#breadcrumb"},"inLanguage":"es","potentialAction":[{"@type":"ReadAction","target":["https:\/\/www.therealcbd.com\/es\/blog\/"]}]},{"@type":"ImageObject","inLanguage":"es","@id":"https:\/\/www.therealcbd.com\/es\/blog\/#primaryimage","url":"https:\/\/www.therealcbd.com\/es\/wp-content\/uploads\/2024\/11\/The-Real-CBD-Blog-page.jpg","contentUrl":"https:\/\/www.therealcbd.com\/es\/wp-content\/uploads\/2024\/11\/The-Real-CBD-Blog-page.jpg","width":1920,"height":780,"caption":"Blogs de plumas y escritores"},{"@type":"BreadcrumbList","@id":"https:\/\/www.therealcbd.com\/es\/blog\/#breadcrumb","itemListElement":[{"@type":"ListItem","position":1,"name":"Home","item":"https:\/\/www.therealcbd.com\/es\/inicio-de-the-real-cbd-2\/"},{"@type":"ListItem","position":2,"name":"Blog"}]},{"@type":"WebSite","@id":"https:\/\/www.therealcbd.com\/es\/#website","url":"https:\/\/www.therealcbd.com\/es\/","name":"The Real CBD","description":"CBD products for everyone","publisher":{"@id":"https:\/\/www.therealcbd.com\/es\/#organization"},"potentialAction":[{"@type":"SearchAction","target":{"@type":"EntryPoint","urlTemplate":"https:\/\/www.therealcbd.com\/es\/?s={search_term_string}"},"query-input":{"@type":"PropertyValueSpecification","valueRequired":true,"valueName":"search_term_string"}}],"inLanguage":"es"},{"@type":"Organization","@id":"https:\/\/www.therealcbd.com\/es\/#organization","name":"The Real CBD","url":"https:\/\/www.therealcbd.com\/es\/","logo":{"@type":"ImageObject","inLanguage":"es","@id":"https:\/\/www.therealcbd.com\/es\/#\/schema\/logo\/image\/","url":"https:\/\/www.therealcbd.com\/es\/wp-content\/uploads\/2017\/11\/Logo-png-e1510846579208.png","contentUrl":"https:\/\/www.therealcbd.com\/es\/wp-content\/uploads\/2017\/11\/Logo-png-e1510846579208.png","width":245,"height":165,"caption":"The Real CBD"},"image":{"@id":"https:\/\/www.therealcbd.com\/es\/#\/schema\/logo\/image\/"},"sameAs":["https:\/\/www.facebook.com\/profile.php?id=100063662066189"]}]}},"_links":{"self":[{"href":"https:\/\/www.therealcbd.com\/es\/wp-json\/wp\/v2\/pages\/1541","targetHints":{"allow":["GET"]}}],"collection":[{"href":"https:\/\/www.therealcbd.com\/es\/wp-json\/wp\/v2\/pages"}],"about":[{"href":"https:\/\/www.therealcbd.com\/es\/wp-json\/wp\/v2\/types\/page"}],"author":[{"embeddable":true,"href":"https:\/\/www.therealcbd.com\/es\/wp-json\/wp\/v2\/users\/3"}],"replies":[{"embeddable":true,"href":"https:\/\/www.therealcbd.com\/es\/wp-json\/wp\/v2\/comments?post=1541"}],"version-history":[{"count":5,"href":"https:\/\/www.therealcbd.com\/es\/wp-json\/wp\/v2\/pages\/1541\/revisions"}],"predecessor-version":[{"id":20191,"href":"https:\/\/www.therealcbd.com\/es\/wp-json\/wp\/v2\/pages\/1541\/revisions\/20191"}],"wp:featuredmedia":[{"embeddable":true,"href":"https:\/\/www.therealcbd.com\/es\/wp-json\/wp\/v2\/media\/20189"}],"wp:attachment":[{"href":"https:\/\/www.therealcbd.com\/es\/wp-json\/wp\/v2\/media?parent=1541"}],"curies":[{"name":"wp","href":"https:\/\/api.w.org\/{rel}","templated":true}]}}